{"id":751,"date":"2018-05-16T03:02:32","date_gmt":"2018-05-16T01:02:32","guid":{"rendered":"http:\/\/atinegoce.fr\/?product=sable-quartz-beige"},"modified":"2024-05-06T15:32:10","modified_gmt":"2024-05-06T13:32:10","slug":"sable-quartz-beige","status":"publish","type":"product","link":"https:\/\/atinegoce.fr\/?product=sable-quartz-beige","title":{"rendered":"Sable ma\u00e7onnerie"},"content":{"rendered":"<p>Id\u00e9al pour tous vos travaux de ma\u00e7onnerie.<\/p>\n","protected":false},"excerpt":{"rendered":"<p>Id\u00e9al pour tous vos travaux de ma\u00e7onnerie.<\/p>\n","protected":false},"featured_media":2659,"template":"","meta":[],"_links":{"self":[{"href":"https:\/\/atinegoce.fr\/index.php?rest_route=\/wp\/v2\/product\/751"}],"collection":[{"href":"https:\/\/atinegoce.fr\/index.php?rest_route=\/wp\/v2\/product"}],"about":[{"href":"https:\/\/atinegoce.fr\/index.php?rest_route=\/wp\/v2\/types\/product"}],"wp:featuredmedia":[{"embeddable":true,"href":"https:\/\/atinegoce.fr\/index.php?rest_route=\/wp\/v2\/media\/2659"}],"wp:attachment":[{"href":"https:\/\/atinegoce.fr\/index.php?rest_route=%2Fwp%2Fv2%2Fmedia&parent=751"}],"curies":[{"name":"wp","href":"https:\/\/api.w.org\/{rel}","templated":true}]}}