{"id":721,"date":"2018-05-16T02:58:40","date_gmt":"2018-05-16T00:58:40","guid":{"rendered":"http:\/\/atinegoce.fr\/?product=galet-marbre-gris-bleu"},"modified":"2024-05-07T08:52:00","modified_gmt":"2024-05-07T06:52:00","slug":"galet-marbre-gris-bleu","status":"publish","type":"product","link":"https:\/\/atinegoce.fr\/?product=galet-marbre-gris-bleu","title":{"rendered":"Galet marbre gris bleu"},"content":{"rendered":"<p>Un galet \u00e0 la couleur moderne, gris-bleu, diff\u00e9rents calibres possibles, pour embellir votre ext\u00e9rieur.<\/p>\n<p>Disponible en diff\u00e9rentes granulom\u00e9tries.<\/p>\n","protected":false},"excerpt":{"rendered":"<p>Un galet \u00e0 la couleur moderne, gris-bleu, diff\u00e9rents calibres possibles, pour embellir votre ext\u00e9rieur. Disponible en diff\u00e9rentes granulom\u00e9tries.<\/p>\n","protected":false},"featured_media":1919,"template":"","meta":[],"_links":{"self":[{"href":"https:\/\/atinegoce.fr\/index.php?rest_route=\/wp\/v2\/product\/721"}],"collection":[{"href":"https:\/\/atinegoce.fr\/index.php?rest_route=\/wp\/v2\/product"}],"about":[{"href":"https:\/\/atinegoce.fr\/index.php?rest_route=\/wp\/v2\/types\/product"}],"wp:featuredmedia":[{"embeddable":true,"href":"https:\/\/atinegoce.fr\/index.php?rest_route=\/wp\/v2\/media\/1919"}],"wp:attachment":[{"href":"https:\/\/atinegoce.fr\/index.php?rest_route=%2Fwp%2Fv2%2Fmedia&parent=721"}],"curies":[{"name":"wp","href":"https:\/\/api.w.org\/{rel}","templated":true}]}}