{"id":720,"date":"2018-05-16T02:58:28","date_gmt":"2018-05-16T00:58:28","guid":{"rendered":"http:\/\/atinegoce.fr\/?product=galet-marbre-blanc-rose"},"modified":"2022-06-07T14:32:49","modified_gmt":"2022-06-07T12:32:49","slug":"galet-marbre-blanc-rose","status":"publish","type":"product","link":"https:\/\/atinegoce.fr\/?product=galet-marbre-blanc-rose","title":{"rendered":"Galet marbre blanc rose"},"content":{"rendered":"<p>Plusieurs tailles disponibles pour ce galet marbre \u00e0 la couleur dominante blanche sublim\u00e9e d&#8217;une touche de rose pour apporter un peu de douceur \u00e0 vos massifs.<\/p>\n","protected":false},"excerpt":{"rendered":"<p>Plusieurs tailles disponibles pour ce galet marbre \u00e0 la couleur dominante blanche sublim\u00e9e d&#8217;une touche de rose pour apporter un peu de douceur \u00e0 vos massifs.<\/p>\n","protected":false},"featured_media":1913,"template":"","meta":[],"_links":{"self":[{"href":"https:\/\/atinegoce.fr\/index.php?rest_route=\/wp\/v2\/product\/720"}],"collection":[{"href":"https:\/\/atinegoce.fr\/index.php?rest_route=\/wp\/v2\/product"}],"about":[{"href":"https:\/\/atinegoce.fr\/index.php?rest_route=\/wp\/v2\/types\/product"}],"wp:featuredmedia":[{"embeddable":true,"href":"https:\/\/atinegoce.fr\/index.php?rest_route=\/wp\/v2\/media\/1913"}],"wp:attachment":[{"href":"https:\/\/atinegoce.fr\/index.php?rest_route=%2Fwp%2Fv2%2Fmedia&parent=720"}],"curies":[{"name":"wp","href":"https:\/\/api.w.org\/{rel}","templated":true}]}}