{"id":716,"date":"2018-05-16T02:58:00","date_gmt":"2018-05-16T00:58:00","guid":{"rendered":"http:\/\/atinegoce.fr\/?product=galet-cabanac"},"modified":"2024-05-06T15:12:42","modified_gmt":"2024-05-06T13:12:42","slug":"galet-cabanac","status":"publish","type":"product","link":"https:\/\/atinegoce.fr\/?product=galet-cabanac","title":{"rendered":"Galet cabanac"},"content":{"rendered":"<p>Petites dimensions pour ce galet gris blanc roul\u00e9, id\u00e9al pour vos am\u00e9nagements ext\u00e9rieurs.<\/p>\n<p>Disponible en diff\u00e9rentes granulom\u00e9tries : 8\/16 et 30\/60.<\/p>\n","protected":false},"excerpt":{"rendered":"<p>Petites dimensions pour ce galet gris blanc roul\u00e9, id\u00e9al pour vos am\u00e9nagements ext\u00e9rieurs. Disponible en diff\u00e9rentes granulom\u00e9tries : 8\/16 et 30\/60.<\/p>\n","protected":false},"featured_media":1898,"template":"","meta":[],"_links":{"self":[{"href":"https:\/\/atinegoce.fr\/index.php?rest_route=\/wp\/v2\/product\/716"}],"collection":[{"href":"https:\/\/atinegoce.fr\/index.php?rest_route=\/wp\/v2\/product"}],"about":[{"href":"https:\/\/atinegoce.fr\/index.php?rest_route=\/wp\/v2\/types\/product"}],"wp:featuredmedia":[{"embeddable":true,"href":"https:\/\/atinegoce.fr\/index.php?rest_route=\/wp\/v2\/media\/1898"}],"wp:attachment":[{"href":"https:\/\/atinegoce.fr\/index.php?rest_route=%2Fwp%2Fv2%2Fmedia&parent=716"}],"curies":[{"name":"wp","href":"https:\/\/api.w.org\/{rel}","templated":true}]}}