{"id":714,"date":"2018-05-16T02:57:55","date_gmt":"2018-05-16T00:57:55","guid":{"rendered":"http:\/\/atinegoce.fr\/?product=galet-basalte-noir"},"modified":"2022-05-31T15:41:36","modified_gmt":"2022-05-31T13:41:36","slug":"galet-basalte-noir","status":"publish","type":"product","link":"https:\/\/atinegoce.fr\/?product=galet-basalte-noir","title":{"rendered":"Galet basalte noir"},"content":{"rendered":"<p>Diff\u00e9rentes granulom\u00e9tries pour ce galet basalte qui, par sa couleur noire, apporte de l&#8217;\u00e9l\u00e9gance \u00e0 votre ext\u00e9rieur.<\/p>\n","protected":false},"excerpt":{"rendered":"<p>Diff\u00e9rentes granulom\u00e9tries pour ce galet basalte qui, par sa couleur noire, apporte de l&#8217;\u00e9l\u00e9gance \u00e0 votre ext\u00e9rieur.<\/p>\n","protected":false},"featured_media":1885,"template":"","meta":[],"_links":{"self":[{"href":"https:\/\/atinegoce.fr\/index.php?rest_route=\/wp\/v2\/product\/714"}],"collection":[{"href":"https:\/\/atinegoce.fr\/index.php?rest_route=\/wp\/v2\/product"}],"about":[{"href":"https:\/\/atinegoce.fr\/index.php?rest_route=\/wp\/v2\/types\/product"}],"wp:featuredmedia":[{"embeddable":true,"href":"https:\/\/atinegoce.fr\/index.php?rest_route=\/wp\/v2\/media\/1885"}],"wp:attachment":[{"href":"https:\/\/atinegoce.fr\/index.php?rest_route=%2Fwp%2Fv2%2Fmedia&parent=714"}],"curies":[{"name":"wp","href":"https:\/\/api.w.org\/{rel}","templated":true}]}}