{"id":2895,"date":"2025-11-10T12:52:06","date_gmt":"2025-11-10T11:52:06","guid":{"rendered":"https:\/\/atinegoce.fr\/?post_type=product&#038;p=2895"},"modified":"2025-11-10T15:15:41","modified_gmt":"2025-11-10T14:15:41","slug":"panneaux-decoratifs","status":"publish","type":"product","link":"https:\/\/atinegoce.fr\/?product=panneaux-decoratifs","title":{"rendered":"Panneaux d\u00e9coratifs"},"content":{"rendered":"<p>Pour s\u00e9parer deux espaces ou pour cacher ce que l&#8217;on ne veut pas voir, voici nox panneaux d\u00e9coratifs en corten.<\/p>\n","protected":false},"excerpt":{"rendered":"<p>Pour s\u00e9parer deux espaces ou pour cacher ce que l&#8217;on ne veut pas voir, voici nox panneaux d\u00e9coratifs en corten.<\/p>\n","protected":false},"featured_media":2890,"template":"","meta":[],"_links":{"self":[{"href":"https:\/\/atinegoce.fr\/index.php?rest_route=\/wp\/v2\/product\/2895"}],"collection":[{"href":"https:\/\/atinegoce.fr\/index.php?rest_route=\/wp\/v2\/product"}],"about":[{"href":"https:\/\/atinegoce.fr\/index.php?rest_route=\/wp\/v2\/types\/product"}],"wp:featuredmedia":[{"embeddable":true,"href":"https:\/\/atinegoce.fr\/index.php?rest_route=\/wp\/v2\/media\/2890"}],"wp:attachment":[{"href":"https:\/\/atinegoce.fr\/index.php?rest_route=%2Fwp%2Fv2%2Fmedia&parent=2895"}],"curies":[{"name":"wp","href":"https:\/\/api.w.org\/{rel}","templated":true}]}}