{"id":2892,"date":"2025-11-10T12:44:34","date_gmt":"2025-11-10T11:44:34","guid":{"rendered":"https:\/\/atinegoce.fr\/?post_type=product&#038;p=2892"},"modified":"2025-11-10T15:16:42","modified_gmt":"2025-11-10T14:16:42","slug":"boules-decoratives","status":"publish","type":"product","link":"https:\/\/atinegoce.fr\/?product=boules-decoratives","title":{"rendered":"Boules d\u00e9coratives"},"content":{"rendered":"<p>Ppour \u00e9gayer vos massifs, apporter une touche moderne, optez pour ces boules d\u00e9coratives en corten, elles feront leur effet.<\/p>\n","protected":false},"excerpt":{"rendered":"<p>Ppour \u00e9gayer vos massifs, apporter une touche moderne, optez pour ces boules d\u00e9coratives en corten, elles feront leur effet.<\/p>\n","protected":false},"featured_media":2887,"template":"","meta":[],"_links":{"self":[{"href":"https:\/\/atinegoce.fr\/index.php?rest_route=\/wp\/v2\/product\/2892"}],"collection":[{"href":"https:\/\/atinegoce.fr\/index.php?rest_route=\/wp\/v2\/product"}],"about":[{"href":"https:\/\/atinegoce.fr\/index.php?rest_route=\/wp\/v2\/types\/product"}],"wp:featuredmedia":[{"embeddable":true,"href":"https:\/\/atinegoce.fr\/index.php?rest_route=\/wp\/v2\/media\/2887"}],"wp:attachment":[{"href":"https:\/\/atinegoce.fr\/index.php?rest_route=%2Fwp%2Fv2%2Fmedia&parent=2892"}],"curies":[{"name":"wp","href":"https:\/\/api.w.org\/{rel}","templated":true}]}}