{"id":2757,"date":"2025-03-04T11:58:45","date_gmt":"2025-03-04T10:58:45","guid":{"rendered":"https:\/\/atinegoce.fr\/?post_type=product&#038;p=2757"},"modified":"2026-02-17T10:07:04","modified_gmt":"2026-02-17T09:07:04","slug":"bordures-acier-2","status":"publish","type":"product","link":"https:\/\/atinegoce.fr\/?product=bordures-acier-2","title":{"rendered":"Bordures Acier"},"content":{"rendered":"<p>Bordures en Corten ou Galva.<\/p>\n<p>Belle finition pour d\u00e9limiter votre pelouse, un jardin, un massif, une all\u00e9e.<\/p>\n<p>Diff\u00e9rentes hauteurs possibles.<\/p>\n","protected":false},"excerpt":{"rendered":"<p>Bordures en Corten ou Galva. Belle finition pour d\u00e9limiter votre pelouse, un jardin, un massif, une all\u00e9e. Diff\u00e9rentes hauteurs possibles.<\/p>\n","protected":false},"featured_media":2758,"template":"","meta":[],"_links":{"self":[{"href":"https:\/\/atinegoce.fr\/index.php?rest_route=\/wp\/v2\/product\/2757"}],"collection":[{"href":"https:\/\/atinegoce.fr\/index.php?rest_route=\/wp\/v2\/product"}],"about":[{"href":"https:\/\/atinegoce.fr\/index.php?rest_route=\/wp\/v2\/types\/product"}],"wp:featuredmedia":[{"embeddable":true,"href":"https:\/\/atinegoce.fr\/index.php?rest_route=\/wp\/v2\/media\/2758"}],"wp:attachment":[{"href":"https:\/\/atinegoce.fr\/index.php?rest_route=%2Fwp%2Fv2%2Fmedia&parent=2757"}],"curies":[{"name":"wp","href":"https:\/\/api.w.org\/{rel}","templated":true}]}}