{"id":2727,"date":"2025-02-18T09:53:53","date_gmt":"2025-02-18T08:53:53","guid":{"rendered":"https:\/\/atinegoce.fr\/?post_type=product&#038;p=2727"},"modified":"2025-02-18T09:56:10","modified_gmt":"2025-02-18T08:56:10","slug":"deepstone","status":"publish","type":"product","link":"https:\/\/atinegoce.fr\/?product=deepstone","title":{"rendered":"Deepstone"},"content":{"rendered":"<p>Deepstone donne vie \u00e0 un m\u00e9lange min\u00e9ral original : un effet pierre dans lequel les nuances sombres de l&#8217;ardoise ligure rencontrent les nuances chaudes de l&#8217;ardoise br\u00e9silienne, caract\u00e9ris\u00e9es par des nuances polychromes \u00e0 l&#8217;aspect organique et naturel.<\/p>\n<p>R\u00e9sistant aux chocs thermiques.<\/p>\n<p>Antid\u00e9rapant.<\/p>\n","protected":false},"excerpt":{"rendered":"<p>Deepstone donne vie \u00e0 un m\u00e9lange min\u00e9ral original : un effet pierre dans lequel les nuances sombres de l&#8217;ardoise ligure rencontrent les nuances chaudes de l&#8217;ardoise br\u00e9silienne, caract\u00e9ris\u00e9es par des nuances polychromes \u00e0 l&#8217;aspect organique et naturel. R\u00e9sistant aux chocs thermiques. Antid\u00e9rapant.<\/p>\n","protected":false},"featured_media":2728,"template":"","meta":[],"_links":{"self":[{"href":"https:\/\/atinegoce.fr\/index.php?rest_route=\/wp\/v2\/product\/2727"}],"collection":[{"href":"https:\/\/atinegoce.fr\/index.php?rest_route=\/wp\/v2\/product"}],"about":[{"href":"https:\/\/atinegoce.fr\/index.php?rest_route=\/wp\/v2\/types\/product"}],"wp:featuredmedia":[{"embeddable":true,"href":"https:\/\/atinegoce.fr\/index.php?rest_route=\/wp\/v2\/media\/2728"}],"wp:attachment":[{"href":"https:\/\/atinegoce.fr\/index.php?rest_route=%2Fwp%2Fv2%2Fmedia&parent=2727"}],"curies":[{"name":"wp","href":"https:\/\/api.w.org\/{rel}","templated":true}]}}