{"id":2724,"date":"2025-02-18T08:39:57","date_gmt":"2025-02-18T07:39:57","guid":{"rendered":"https:\/\/atinegoce.fr\/?post_type=product&#038;p=2724"},"modified":"2026-01-26T12:01:01","modified_gmt":"2026-01-26T11:01:01","slug":"keystone","status":"publish","type":"product","link":"https:\/\/atinegoce.fr\/?product=keystone","title":{"rendered":"Keystone"},"content":{"rendered":"<p>Les trois finitions Keystone refl\u00e8tent une esth\u00e9tique hybride qui m\u00e9lange les contrastes des clastes de Dolomite et les textures harmonieuses typiques de certains marbres.<\/p>\n<p>R\u00e9sistant aux chocs thermiques.<\/p>\n<p>Antid\u00e9rapant.<\/p>\n","protected":false},"excerpt":{"rendered":"<p>Les trois finitions Keystone refl\u00e8tent une esth\u00e9tique hybride qui m\u00e9lange les contrastes des clastes de Dolomite et les textures harmonieuses typiques de certains marbres. R\u00e9sistant aux chocs thermiques. Antid\u00e9rapant.<\/p>\n","protected":false},"featured_media":2725,"template":"","meta":[],"_links":{"self":[{"href":"https:\/\/atinegoce.fr\/index.php?rest_route=\/wp\/v2\/product\/2724"}],"collection":[{"href":"https:\/\/atinegoce.fr\/index.php?rest_route=\/wp\/v2\/product"}],"about":[{"href":"https:\/\/atinegoce.fr\/index.php?rest_route=\/wp\/v2\/types\/product"}],"wp:featuredmedia":[{"embeddable":true,"href":"https:\/\/atinegoce.fr\/index.php?rest_route=\/wp\/v2\/media\/2725"}],"wp:attachment":[{"href":"https:\/\/atinegoce.fr\/index.php?rest_route=%2Fwp%2Fv2%2Fmedia&parent=2724"}],"curies":[{"name":"wp","href":"https:\/\/api.w.org\/{rel}","templated":true}]}}