{"id":2720,"date":"2025-02-17T16:43:29","date_gmt":"2025-02-17T15:43:29","guid":{"rendered":"https:\/\/atinegoce.fr\/?post_type=product&#038;p=2720"},"modified":"2025-02-17T16:46:13","modified_gmt":"2025-02-17T15:46:13","slug":"glow","status":"publish","type":"product","link":"https:\/\/atinegoce.fr\/?product=glow","title":{"rendered":"Glow"},"content":{"rendered":"<p>Une \u00e9l\u00e9gance intemporelle qui apporte lumi\u00e8re et espace.<\/p>\n<p>Une surface \u00e9l\u00e9gante et distinctive, enrichie par une s\u00e9lection soign\u00e9e de nuances, allant des tons d\u00e9licats, chauds et neutres aux tons vifs et modernes, con\u00e7us pour mettre en valeur discr\u00e8tement chaque environnement, du plus intime au plus contemporain.<\/p>\n<p>R\u00e9sistant aux chocs thermiques.<\/p>\n<p>Antid\u00e9rapant.<\/p>\n","protected":false},"excerpt":{"rendered":"<p>Une \u00e9l\u00e9gance intemporelle qui apporte lumi\u00e8re et espace. Une surface \u00e9l\u00e9gante et distinctive, enrichie par une s\u00e9lection soign\u00e9e de nuances, allant des tons d\u00e9licats, chauds et neutres aux tons vifs et modernes, con\u00e7us pour mettre en valeur discr\u00e8tement chaque environnement, du plus intime au plus contemporain. R\u00e9sistant aux chocs thermiques. Antid\u00e9rapant.<\/p>\n","protected":false},"featured_media":2723,"template":"","meta":[],"_links":{"self":[{"href":"https:\/\/atinegoce.fr\/index.php?rest_route=\/wp\/v2\/product\/2720"}],"collection":[{"href":"https:\/\/atinegoce.fr\/index.php?rest_route=\/wp\/v2\/product"}],"about":[{"href":"https:\/\/atinegoce.fr\/index.php?rest_route=\/wp\/v2\/types\/product"}],"wp:featuredmedia":[{"embeddable":true,"href":"https:\/\/atinegoce.fr\/index.php?rest_route=\/wp\/v2\/media\/2723"}],"wp:attachment":[{"href":"https:\/\/atinegoce.fr\/index.php?rest_route=%2Fwp%2Fv2%2Fmedia&parent=2720"}],"curies":[{"name":"wp","href":"https:\/\/api.w.org\/{rel}","templated":true}]}}