{"id":2671,"date":"2024-05-07T12:19:47","date_gmt":"2024-05-07T10:19:47","guid":{"rendered":"https:\/\/atinegoce.fr\/?post_type=product&#038;p=2671"},"modified":"2024-05-07T12:26:30","modified_gmt":"2024-05-07T10:26:30","slug":"sable-deco-blanc","status":"publish","type":"product","link":"https:\/\/atinegoce.fr\/?product=sable-deco-blanc","title":{"rendered":"Sable d\u00e9co blanc"},"content":{"rendered":"<p>Un sable d\u00e9coratif pour vos am\u00e9nagements ext\u00e9rieurs.<\/p>\n","protected":false},"excerpt":{"rendered":"<p>Un sable d\u00e9coratif pour vos am\u00e9nagements ext\u00e9rieurs.<\/p>\n","protected":false},"featured_media":2672,"template":"","meta":[],"_links":{"self":[{"href":"https:\/\/atinegoce.fr\/index.php?rest_route=\/wp\/v2\/product\/2671"}],"collection":[{"href":"https:\/\/atinegoce.fr\/index.php?rest_route=\/wp\/v2\/product"}],"about":[{"href":"https:\/\/atinegoce.fr\/index.php?rest_route=\/wp\/v2\/types\/product"}],"wp:featuredmedia":[{"embeddable":true,"href":"https:\/\/atinegoce.fr\/index.php?rest_route=\/wp\/v2\/media\/2672"}],"wp:attachment":[{"href":"https:\/\/atinegoce.fr\/index.php?rest_route=%2Fwp%2Fv2%2Fmedia&parent=2671"}],"curies":[{"name":"wp","href":"https:\/\/api.w.org\/{rel}","templated":true}]}}