{"id":267,"date":"2018-04-17T02:14:40","date_gmt":"2018-04-17T00:14:40","guid":{"rendered":"http:\/\/atinegoce.fr\/?post_type=product&#038;p=267"},"modified":"2026-02-17T10:14:17","modified_gmt":"2026-02-17T09:14:17","slug":"plots","status":"publish","type":"product","link":"https:\/\/atinegoce.fr\/?product=plots","title":{"rendered":"Plots pour pierre naturelle"},"content":{"rendered":"<p>Les plots r\u00e9glables Dakota sont la solution rapide, efficace et durable pour vos terrasses sur\u00e9lev\u00e9es en pierres naturelles.<\/p>\n","protected":false},"excerpt":{"rendered":"<p>Les plots r\u00e9glables Dakota sont la solution rapide, efficace et durable pour vos terrasses sur\u00e9lev\u00e9es en pierres naturelles.<\/p>\n","protected":false},"featured_media":2755,"template":"","meta":[],"_links":{"self":[{"href":"https:\/\/atinegoce.fr\/index.php?rest_route=\/wp\/v2\/product\/267"}],"collection":[{"href":"https:\/\/atinegoce.fr\/index.php?rest_route=\/wp\/v2\/product"}],"about":[{"href":"https:\/\/atinegoce.fr\/index.php?rest_route=\/wp\/v2\/types\/product"}],"wp:featuredmedia":[{"embeddable":true,"href":"https:\/\/atinegoce.fr\/index.php?rest_route=\/wp\/v2\/media\/2755"}],"wp:attachment":[{"href":"https:\/\/atinegoce.fr\/index.php?rest_route=%2Fwp%2Fv2%2Fmedia&parent=267"}],"curies":[{"name":"wp","href":"https:\/\/api.w.org\/{rel}","templated":true}]}}