{"id":2665,"date":"2024-05-07T08:52:49","date_gmt":"2024-05-07T06:52:49","guid":{"rendered":"https:\/\/atinegoce.fr\/?post_type=product&#038;p=2665"},"modified":"2024-05-07T08:55:40","modified_gmt":"2024-05-07T06:55:40","slug":"sable-stabilise","status":"publish","type":"product","link":"https:\/\/atinegoce.fr\/?product=sable-stabilise","title":{"rendered":"Sable stabilis\u00e9"},"content":{"rendered":"<p>Id\u00e9al pour r\u00e9aliser un sol bien stable et durable dans le temps.<\/p>\n","protected":false},"excerpt":{"rendered":"<p>Id\u00e9al pour r\u00e9aliser un sol bien stable et durable dans le temps.<\/p>\n","protected":false},"featured_media":2666,"template":"","meta":[],"_links":{"self":[{"href":"https:\/\/atinegoce.fr\/index.php?rest_route=\/wp\/v2\/product\/2665"}],"collection":[{"href":"https:\/\/atinegoce.fr\/index.php?rest_route=\/wp\/v2\/product"}],"about":[{"href":"https:\/\/atinegoce.fr\/index.php?rest_route=\/wp\/v2\/types\/product"}],"wp:featuredmedia":[{"embeddable":true,"href":"https:\/\/atinegoce.fr\/index.php?rest_route=\/wp\/v2\/media\/2666"}],"wp:attachment":[{"href":"https:\/\/atinegoce.fr\/index.php?rest_route=%2Fwp%2Fv2%2Fmedia&parent=2665"}],"curies":[{"name":"wp","href":"https:\/\/api.w.org\/{rel}","templated":true}]}}