{"id":2661,"date":"2024-05-06T15:44:31","date_gmt":"2024-05-06T13:44:31","guid":{"rendered":"https:\/\/atinegoce.fr\/?post_type=product&#038;p=2661"},"modified":"2024-05-06T15:47:42","modified_gmt":"2024-05-06T13:47:42","slug":"mignonette","status":"publish","type":"product","link":"https:\/\/atinegoce.fr\/?product=mignonette","title":{"rendered":"Mignonette"},"content":{"rendered":"<p>Gravier de petit calibre utilisable en paillage min\u00e9ral ou en conception d&#8217;all\u00e9es. Peut-\u00eatre associ\u00e9 \u00e0 un stabilisateur de graviers. En vrac ou en big bag.<\/p>\n<p>Granulom\u00e9trie : 2\/4<\/p>\n","protected":false},"excerpt":{"rendered":"<p>Gravier de petit calibre utilisable en paillage min\u00e9ral ou en conception d&#8217;all\u00e9es. Peut-\u00eatre associ\u00e9 \u00e0 un stabilisateur de graviers. En vrac ou en big bag. Granulom\u00e9trie : 2\/4<\/p>\n","protected":false},"featured_media":2662,"template":"","meta":[],"_links":{"self":[{"href":"https:\/\/atinegoce.fr\/index.php?rest_route=\/wp\/v2\/product\/2661"}],"collection":[{"href":"https:\/\/atinegoce.fr\/index.php?rest_route=\/wp\/v2\/product"}],"about":[{"href":"https:\/\/atinegoce.fr\/index.php?rest_route=\/wp\/v2\/types\/product"}],"wp:featuredmedia":[{"embeddable":true,"href":"https:\/\/atinegoce.fr\/index.php?rest_route=\/wp\/v2\/media\/2662"}],"wp:attachment":[{"href":"https:\/\/atinegoce.fr\/index.php?rest_route=%2Fwp%2Fv2%2Fmedia&parent=2661"}],"curies":[{"name":"wp","href":"https:\/\/api.w.org\/{rel}","templated":true}]}}