{"id":264,"date":"2018-04-17T02:07:48","date_gmt":"2018-04-17T00:07:48","guid":{"rendered":"http:\/\/atinegoce.fr\/?post_type=product&#038;p=264"},"modified":"2026-02-17T10:09:06","modified_gmt":"2026-02-17T09:09:06","slug":"bordures-acier","status":"publish","type":"product","link":"https:\/\/atinegoce.fr\/?product=bordures-acier","title":{"rendered":"Bordures souples recycl\u00e9es"},"content":{"rendered":"<p>Bordures souples fabriqu\u00e9es \u00e0 partir de plastiques r\u00e9siduels 100% recycl\u00e9s avec un aspect naturel.<\/p>\n<p>Belle finition pour d\u00e9limiter votre pelouse, un jardin, un massif, une all\u00e9e.<\/p>\n<p>Produits solides \u00e0 longue dur\u00e9e de vie.<\/p>\n","protected":false},"excerpt":{"rendered":"<p>Bordures souples fabriqu\u00e9es \u00e0 partir de plastiques r\u00e9siduels 100% recycl\u00e9s avec un aspect naturel. Belle finition pour d\u00e9limiter votre pelouse, un jardin, un massif, une all\u00e9e. Produits solides \u00e0 longue dur\u00e9e de vie.<\/p>\n","protected":false},"featured_media":2634,"template":"","meta":[],"_links":{"self":[{"href":"https:\/\/atinegoce.fr\/index.php?rest_route=\/wp\/v2\/product\/264"}],"collection":[{"href":"https:\/\/atinegoce.fr\/index.php?rest_route=\/wp\/v2\/product"}],"about":[{"href":"https:\/\/atinegoce.fr\/index.php?rest_route=\/wp\/v2\/types\/product"}],"wp:featuredmedia":[{"embeddable":true,"href":"https:\/\/atinegoce.fr\/index.php?rest_route=\/wp\/v2\/media\/2634"}],"wp:attachment":[{"href":"https:\/\/atinegoce.fr\/index.php?rest_route=%2Fwp%2Fv2%2Fmedia&parent=264"}],"curies":[{"name":"wp","href":"https:\/\/api.w.org\/{rel}","templated":true}]}}