{"id":263,"date":"2018-04-17T02:07:25","date_gmt":"2018-04-17T00:07:25","guid":{"rendered":"http:\/\/atinegoce.fr\/?post_type=product&#038;p=263"},"modified":"2026-02-17T10:09:48","modified_gmt":"2026-02-17T09:09:48","slug":"bordures-t-courb","status":"publish","type":"product","link":"https:\/\/atinegoce.fr\/?product=bordures-t-courb","title":{"rendered":"Bordures T Courb"},"content":{"rendered":"<p>Pour s\u00e9parer vos diff\u00e9rents espaces (v\u00e9g\u00e9tal, min\u00e9ral ou autre), les bordures T Courb laisseront libre court \u00e0 votre cr\u00e9ativit\u00e9 dans l&#8217;am\u00e9nagement de votre ext\u00e9rieur.<\/p>\n<p>Diff\u00e9rentes hauteurs et largeurs disponibles.<\/p>\n","protected":false},"excerpt":{"rendered":"<p>Pour s\u00e9parer vos diff\u00e9rents espaces (v\u00e9g\u00e9tal, min\u00e9ral ou autre), les bordures T Courb laisseront libre court \u00e0 votre cr\u00e9ativit\u00e9 dans l&#8217;am\u00e9nagement de votre ext\u00e9rieur. Diff\u00e9rentes hauteurs et largeurs disponibles.<\/p>\n","protected":false},"featured_media":1826,"template":"","meta":[],"_links":{"self":[{"href":"https:\/\/atinegoce.fr\/index.php?rest_route=\/wp\/v2\/product\/263"}],"collection":[{"href":"https:\/\/atinegoce.fr\/index.php?rest_route=\/wp\/v2\/product"}],"about":[{"href":"https:\/\/atinegoce.fr\/index.php?rest_route=\/wp\/v2\/types\/product"}],"wp:featuredmedia":[{"embeddable":true,"href":"https:\/\/atinegoce.fr\/index.php?rest_route=\/wp\/v2\/media\/1826"}],"wp:attachment":[{"href":"https:\/\/atinegoce.fr\/index.php?rest_route=%2Fwp%2Fv2%2Fmedia&parent=263"}],"curies":[{"name":"wp","href":"https:\/\/api.w.org\/{rel}","templated":true}]}}