{"id":262,"date":"2018-04-17T02:06:26","date_gmt":"2018-04-17T00:06:26","guid":{"rendered":"http:\/\/atinegoce.fr\/?post_type=product&#038;p=262"},"modified":"2026-02-17T10:10:37","modified_gmt":"2026-02-17T09:10:37","slug":"geotextile","status":"publish","type":"product","link":"https:\/\/atinegoce.fr\/?product=geotextile","title":{"rendered":"G\u00e9otextile"},"content":{"rendered":"<p>Tiss\u00e9 ou non, le feutre g\u00e9otextile plac\u00e9 sous vos graviers emp\u00eachera la pousse de mauvaises herbes.<\/p>\n<p>Ne se d\u00e9chire pas, r\u00e9siste aux pierres.<\/p>\n<p>Se coupe au cutter ou au ciseau.<\/p>\n","protected":false},"excerpt":{"rendered":"<p>Tiss\u00e9 ou non, le feutre g\u00e9otextile plac\u00e9 sous vos graviers emp\u00eachera la pousse de mauvaises herbes. Ne se d\u00e9chire pas, r\u00e9siste aux pierres. Se coupe au cutter ou au ciseau.<\/p>\n","protected":false},"featured_media":1827,"template":"","meta":[],"_links":{"self":[{"href":"https:\/\/atinegoce.fr\/index.php?rest_route=\/wp\/v2\/product\/262"}],"collection":[{"href":"https:\/\/atinegoce.fr\/index.php?rest_route=\/wp\/v2\/product"}],"about":[{"href":"https:\/\/atinegoce.fr\/index.php?rest_route=\/wp\/v2\/types\/product"}],"wp:featuredmedia":[{"embeddable":true,"href":"https:\/\/atinegoce.fr\/index.php?rest_route=\/wp\/v2\/media\/1827"}],"wp:attachment":[{"href":"https:\/\/atinegoce.fr\/index.php?rest_route=%2Fwp%2Fv2%2Fmedia&parent=262"}],"curies":[{"name":"wp","href":"https:\/\/api.w.org\/{rel}","templated":true}]}}