{"id":2589,"date":"2023-07-18T12:06:07","date_gmt":"2023-07-18T10:06:07","guid":{"rendered":"https:\/\/atinegoce.fr\/?post_type=product&#038;p=2589"},"modified":"2025-02-04T15:12:11","modified_gmt":"2025-02-04T14:12:11","slug":"stone-box-giava","status":"publish","type":"product","link":"https:\/\/atinegoce.fr\/?product=stone-box-giava","title":{"rendered":"Stone Box Giava"},"content":{"rendered":"<div class=\"hidden-xs\">\n<p>Giava multicolor reproduit le quartzite avec une couleur significative, des variations allant du sombre gris \u00e0 ocre jaune.<\/p>\n<p>Transformer le naturel al\u00e9atoire dans une surface harmonieuse.<\/p>\n<p>R\u00e9sistant aux chocs thermiques.<\/p>\n<p>Antid\u00e9rapant.<\/p>\n<\/div>\n<div class=\"single-collection-info-details\"><\/div>\n","protected":false},"excerpt":{"rendered":"<p>Giava multicolor reproduit le quartzite avec une couleur significative, des variations allant du sombre gris \u00e0 ocre jaune. Transformer le naturel al\u00e9atoire dans une surface harmonieuse. R\u00e9sistant aux chocs thermiques. Antid\u00e9rapant.<\/p>\n","protected":false},"featured_media":2590,"template":"","meta":[],"_links":{"self":[{"href":"https:\/\/atinegoce.fr\/index.php?rest_route=\/wp\/v2\/product\/2589"}],"collection":[{"href":"https:\/\/atinegoce.fr\/index.php?rest_route=\/wp\/v2\/product"}],"about":[{"href":"https:\/\/atinegoce.fr\/index.php?rest_route=\/wp\/v2\/types\/product"}],"wp:featuredmedia":[{"embeddable":true,"href":"https:\/\/atinegoce.fr\/index.php?rest_route=\/wp\/v2\/media\/2590"}],"wp:attachment":[{"href":"https:\/\/atinegoce.fr\/index.php?rest_route=%2Fwp%2Fv2%2Fmedia&parent=2589"}],"curies":[{"name":"wp","href":"https:\/\/api.w.org\/{rel}","templated":true}]}}