{"id":2581,"date":"2023-07-18T10:58:12","date_gmt":"2023-07-18T08:58:12","guid":{"rendered":"https:\/\/atinegoce.fr\/?post_type=product&#038;p=2581"},"modified":"2025-02-04T15:13:59","modified_gmt":"2025-02-04T14:13:59","slug":"stone-box-dolomia","status":"publish","type":"product","link":"https:\/\/atinegoce.fr\/?product=stone-box-dolomia","title":{"rendered":"Stone Box Dolomia"},"content":{"rendered":"<div class=\"hidden-xs\">\n<p class=\"p1\">Le meilleur de cette pierre, une roche s\u00e9dimentaire \u00e9l\u00e9gante et cristalline avec les deux variantes de couleurs froide et chaude.<\/p>\n<p>R\u00e9sistant aux chocs thermiques.<\/p>\n<p>Antid\u00e9rapant.<\/p>\n<\/div>\n<div class=\"single-collection-info-details\"><\/div>\n","protected":false},"excerpt":{"rendered":"<p>Le meilleur de cette pierre, une roche s\u00e9dimentaire \u00e9l\u00e9gante et cristalline avec les deux variantes de couleurs froide et chaude. R\u00e9sistant aux chocs thermiques. Antid\u00e9rapant.<\/p>\n","protected":false},"featured_media":2583,"template":"","meta":[],"_links":{"self":[{"href":"https:\/\/atinegoce.fr\/index.php?rest_route=\/wp\/v2\/product\/2581"}],"collection":[{"href":"https:\/\/atinegoce.fr\/index.php?rest_route=\/wp\/v2\/product"}],"about":[{"href":"https:\/\/atinegoce.fr\/index.php?rest_route=\/wp\/v2\/types\/product"}],"wp:featuredmedia":[{"embeddable":true,"href":"https:\/\/atinegoce.fr\/index.php?rest_route=\/wp\/v2\/media\/2583"}],"wp:attachment":[{"href":"https:\/\/atinegoce.fr\/index.php?rest_route=%2Fwp%2Fv2%2Fmedia&parent=2581"}],"curies":[{"name":"wp","href":"https:\/\/api.w.org\/{rel}","templated":true}]}}