{"id":2576,"date":"2023-07-18T09:16:17","date_gmt":"2023-07-18T07:16:17","guid":{"rendered":"https:\/\/atinegoce.fr\/?post_type=product&#038;p=2576"},"modified":"2025-02-04T15:14:33","modified_gmt":"2025-02-04T14:14:33","slug":"stone-box-urbe","status":"publish","type":"product","link":"https:\/\/atinegoce.fr\/?product=stone-box-urbe","title":{"rendered":"Stone Box Urbe"},"content":{"rendered":"<div class=\"hidden-xs\">\n<p class=\"p1\">Gr\u00e2ce \u00e0 l&#8217;avanc\u00e9e esth\u00e9tique et technologique, la surface de ce produit devient un mat\u00e9riau d&#8217;un incroyable r\u00e9alisme, naturel, plus r\u00e9sistant que jamais.<\/p>\n<p>R\u00e9sistant aux chocs thermiques.<\/p>\n<p>Antid\u00e9rapant.<\/p>\n<\/div>\n<div class=\"single-collection-info-details\"><\/div>\n","protected":false},"excerpt":{"rendered":"<p>Gr\u00e2ce \u00e0 l&#8217;avanc\u00e9e esth\u00e9tique et technologique, la surface de ce produit devient un mat\u00e9riau d&#8217;un incroyable r\u00e9alisme, naturel, plus r\u00e9sistant que jamais. R\u00e9sistant aux chocs thermiques. Antid\u00e9rapant.<\/p>\n","protected":false},"featured_media":2579,"template":"","meta":[],"_links":{"self":[{"href":"https:\/\/atinegoce.fr\/index.php?rest_route=\/wp\/v2\/product\/2576"}],"collection":[{"href":"https:\/\/atinegoce.fr\/index.php?rest_route=\/wp\/v2\/product"}],"about":[{"href":"https:\/\/atinegoce.fr\/index.php?rest_route=\/wp\/v2\/types\/product"}],"wp:featuredmedia":[{"embeddable":true,"href":"https:\/\/atinegoce.fr\/index.php?rest_route=\/wp\/v2\/media\/2579"}],"wp:attachment":[{"href":"https:\/\/atinegoce.fr\/index.php?rest_route=%2Fwp%2Fv2%2Fmedia&parent=2576"}],"curies":[{"name":"wp","href":"https:\/\/api.w.org\/{rel}","templated":true}]}}