{"id":2571,"date":"2023-07-17T16:28:26","date_gmt":"2023-07-17T14:28:26","guid":{"rendered":"https:\/\/atinegoce.fr\/?post_type=product&#038;p=2571"},"modified":"2025-02-04T15:14:55","modified_gmt":"2025-02-04T14:14:55","slug":"nordic-wood","status":"publish","type":"product","link":"https:\/\/atinegoce.fr\/?product=nordic-wood","title":{"rendered":"Nordic Wood"},"content":{"rendered":"<p>Nordic Wood repr\u00e9sente une nouvelle g\u00e9n\u00e9ration de surfaces c\u00e9ramiques effet bois. La grande vari\u00e9t\u00e9 de formats et tous les accessoires de la collection projettent des couleurs denses sur des modules r\u00e9volutionnaires.<\/p>\n<p>R\u00e9sistant aux chocs thermiques.<\/p>\n<p>Antid\u00e9rapant.<\/p>\n","protected":false},"excerpt":{"rendered":"<p>Nordic Wood repr\u00e9sente une nouvelle g\u00e9n\u00e9ration de surfaces c\u00e9ramiques effet bois. La grande vari\u00e9t\u00e9 de formats et tous les accessoires de la collection projettent des couleurs denses sur des modules r\u00e9volutionnaires. R\u00e9sistant aux chocs thermiques. Antid\u00e9rapant.<\/p>\n","protected":false},"featured_media":2575,"template":"","meta":[],"_links":{"self":[{"href":"https:\/\/atinegoce.fr\/index.php?rest_route=\/wp\/v2\/product\/2571"}],"collection":[{"href":"https:\/\/atinegoce.fr\/index.php?rest_route=\/wp\/v2\/product"}],"about":[{"href":"https:\/\/atinegoce.fr\/index.php?rest_route=\/wp\/v2\/types\/product"}],"wp:featuredmedia":[{"embeddable":true,"href":"https:\/\/atinegoce.fr\/index.php?rest_route=\/wp\/v2\/media\/2575"}],"wp:attachment":[{"href":"https:\/\/atinegoce.fr\/index.php?rest_route=%2Fwp%2Fv2%2Fmedia&parent=2571"}],"curies":[{"name":"wp","href":"https:\/\/api.w.org\/{rel}","templated":true}]}}