{"id":2521,"date":"2022-06-13T15:04:53","date_gmt":"2022-06-13T13:04:53","guid":{"rendered":"https:\/\/atinegoce.fr\/?post_type=product&#038;p=2521"},"modified":"2023-11-07T14:41:52","modified_gmt":"2023-11-07T13:41:52","slug":"galet-srl-ocre","status":"publish","type":"product","link":"https:\/\/atinegoce.fr\/?product=galet-srl-ocre","title":{"rendered":"Galet SRL ocre"},"content":{"rendered":"<p>Ce galet au ton ocre, disponible en 4\/8 ou 6\/16, id\u00e9al pour vos massifs et am\u00e9nagements ext\u00e9rieurs.<\/p>\n","protected":false},"excerpt":{"rendered":"<p>Ce galet au ton ocre, disponible en 4\/8 ou 6\/16, id\u00e9al pour vos massifs et am\u00e9nagements ext\u00e9rieurs.<\/p>\n","protected":false},"featured_media":2525,"template":"","meta":[],"_links":{"self":[{"href":"https:\/\/atinegoce.fr\/index.php?rest_route=\/wp\/v2\/product\/2521"}],"collection":[{"href":"https:\/\/atinegoce.fr\/index.php?rest_route=\/wp\/v2\/product"}],"about":[{"href":"https:\/\/atinegoce.fr\/index.php?rest_route=\/wp\/v2\/types\/product"}],"wp:featuredmedia":[{"embeddable":true,"href":"https:\/\/atinegoce.fr\/index.php?rest_route=\/wp\/v2\/media\/2525"}],"wp:attachment":[{"href":"https:\/\/atinegoce.fr\/index.php?rest_route=%2Fwp%2Fv2%2Fmedia&parent=2521"}],"curies":[{"name":"wp","href":"https:\/\/api.w.org\/{rel}","templated":true}]}}