{"id":2448,"date":"2022-02-22T14:34:13","date_gmt":"2022-02-22T13:34:13","guid":{"rendered":"https:\/\/atinegoce.fr\/?post_type=product&#038;p=2448"},"modified":"2025-02-04T15:16:26","modified_gmt":"2025-02-04T14:16:26","slug":"lumiere","status":"publish","type":"product","link":"https:\/\/atinegoce.fr\/?product=lumiere","title":{"rendered":"Lumi\u00e8re"},"content":{"rendered":"<p>Lumi\u00e8re rend l\u2019esprit des dallages et des pierres travaill\u00e9es \u00e0 la main avec une surface aux bords irr\u00e9guliers et \u00e0 la structure agr\u00e9ablement mouvement\u00e9e. Le m\u00e9lange raffin\u00e9 de pierres au charme ancestral v\u00e9hicule une culture de la pierre sans pr\u00e9c\u00e9dent.<\/p>\n<p>R\u00e9sistant aux chocs.<\/p>\n<p>Antid\u00e9rapant.<\/p>\n","protected":false},"excerpt":{"rendered":"<p>Lumi\u00e8re rend l\u2019esprit des dallages et des pierres travaill\u00e9es \u00e0 la main avec une surface aux bords irr\u00e9guliers et \u00e0 la structure agr\u00e9ablement mouvement\u00e9e. Le m\u00e9lange raffin\u00e9 de pierres au charme ancestral v\u00e9hicule une culture de la pierre sans pr\u00e9c\u00e9dent. R\u00e9sistant aux chocs. Antid\u00e9rapant.<\/p>\n","protected":false},"featured_media":2515,"template":"","meta":[],"_links":{"self":[{"href":"https:\/\/atinegoce.fr\/index.php?rest_route=\/wp\/v2\/product\/2448"}],"collection":[{"href":"https:\/\/atinegoce.fr\/index.php?rest_route=\/wp\/v2\/product"}],"about":[{"href":"https:\/\/atinegoce.fr\/index.php?rest_route=\/wp\/v2\/types\/product"}],"wp:featuredmedia":[{"embeddable":true,"href":"https:\/\/atinegoce.fr\/index.php?rest_route=\/wp\/v2\/media\/2515"}],"wp:attachment":[{"href":"https:\/\/atinegoce.fr\/index.php?rest_route=%2Fwp%2Fv2%2Fmedia&parent=2448"}],"curies":[{"name":"wp","href":"https:\/\/api.w.org\/{rel}","templated":true}]}}