{"id":2436,"date":"2022-02-22T13:43:30","date_gmt":"2022-02-22T12:43:30","guid":{"rendered":"https:\/\/atinegoce.fr\/?post_type=product&#038;p=2436"},"modified":"2025-02-04T15:18:24","modified_gmt":"2025-02-04T14:18:24","slug":"open","status":"publish","type":"product","link":"https:\/\/atinegoce.fr\/?product=open","title":{"rendered":"Open"},"content":{"rendered":"<p>Une collection gr\u00e8s c\u00e9rame effet ciment\/r\u00e9sine pour un esprit &#8220;urbain chic&#8221;.<\/p>\n<p>R\u00e9sistant aux chocs thermiques.<\/p>\n<p>Antid\u00e9rapant.<\/p>\n","protected":false},"excerpt":{"rendered":"<p>Une collection gr\u00e8s c\u00e9rame effet ciment\/r\u00e9sine pour un esprit &#8220;urbain chic&#8221;. R\u00e9sistant aux chocs thermiques. Antid\u00e9rapant.<\/p>\n","protected":false},"featured_media":2437,"template":"","meta":[],"_links":{"self":[{"href":"https:\/\/atinegoce.fr\/index.php?rest_route=\/wp\/v2\/product\/2436"}],"collection":[{"href":"https:\/\/atinegoce.fr\/index.php?rest_route=\/wp\/v2\/product"}],"about":[{"href":"https:\/\/atinegoce.fr\/index.php?rest_route=\/wp\/v2\/types\/product"}],"wp:featuredmedia":[{"embeddable":true,"href":"https:\/\/atinegoce.fr\/index.php?rest_route=\/wp\/v2\/media\/2437"}],"wp:attachment":[{"href":"https:\/\/atinegoce.fr\/index.php?rest_route=%2Fwp%2Fv2%2Fmedia&parent=2436"}],"curies":[{"name":"wp","href":"https:\/\/api.w.org\/{rel}","templated":true}]}}