{"id":2416,"date":"2022-02-21T10:14:09","date_gmt":"2022-02-21T09:14:09","guid":{"rendered":"https:\/\/atinegoce.fr\/?post_type=product&#038;p=2416"},"modified":"2026-02-17T10:12:59","modified_gmt":"2026-02-17T09:12:59","slug":"disque-pour-gres-cerame","status":"publish","type":"product","link":"https:\/\/atinegoce.fr\/?product=disque-pour-gres-cerame","title":{"rendered":"Disques pour pierres naturelles et gr\u00e8s c\u00e9rame"},"content":{"rendered":"<p>Pour faciliter vos d\u00e9coupes de dallage, margelle, bordure en pierres naturelles ou en gr\u00e8s c\u00e9rame, utilisez nos disques de d\u00e9coupe Diamas.<\/p>\n<p>Deux diam\u00e8tres disponibles.<\/p>\n","protected":false},"excerpt":{"rendered":"<p>Pour faciliter vos d\u00e9coupes de dallage, margelle, bordure en pierres naturelles ou en gr\u00e8s c\u00e9rame, utilisez nos disques de d\u00e9coupe Diamas. Deux diam\u00e8tres disponibles.<\/p>\n","protected":false},"featured_media":2423,"template":"","meta":[],"_links":{"self":[{"href":"https:\/\/atinegoce.fr\/index.php?rest_route=\/wp\/v2\/product\/2416"}],"collection":[{"href":"https:\/\/atinegoce.fr\/index.php?rest_route=\/wp\/v2\/product"}],"about":[{"href":"https:\/\/atinegoce.fr\/index.php?rest_route=\/wp\/v2\/types\/product"}],"wp:featuredmedia":[{"embeddable":true,"href":"https:\/\/atinegoce.fr\/index.php?rest_route=\/wp\/v2\/media\/2423"}],"wp:attachment":[{"href":"https:\/\/atinegoce.fr\/index.php?rest_route=%2Fwp%2Fv2%2Fmedia&parent=2416"}],"curies":[{"name":"wp","href":"https:\/\/api.w.org\/{rel}","templated":true}]}}