{"id":2404,"date":"2022-02-15T09:58:46","date_gmt":"2022-02-15T08:58:46","guid":{"rendered":"https:\/\/atinegoce.fr\/?post_type=product&#038;p=2404"},"modified":"2022-08-22T10:05:16","modified_gmt":"2022-08-22T08:05:16","slug":"gres-multicolor","status":"publish","type":"product","link":"https:\/\/atinegoce.fr\/?product=gres-multicolor","title":{"rendered":"gr\u00e8s Toskana"},"content":{"rendered":"<p>Pierre sableuse, s\u00e9dimentaire, \u00e0 grains tr\u00e8s fins, de teinte nuanc\u00e9e.<\/p>\n<p>Cette pierre naturelle convient pour tous les usages aussi bien en int\u00e9rieur qu\u2019en ext\u00e9rieur. Des nuances de couleurs et\/ou de granulom\u00e9trie peuvent exister entre les diff\u00e9rents lots et m\u00eame au sein du m\u00eame lot.<\/p>\n","protected":false},"excerpt":{"rendered":"<p>Pierre sableuse, s\u00e9dimentaire, \u00e0 grains tr\u00e8s fins, de teinte nuanc\u00e9e. Cette pierre naturelle convient pour tous les usages aussi bien en int\u00e9rieur qu\u2019en ext\u00e9rieur. Des nuances de couleurs et\/ou de granulom\u00e9trie peuvent exister entre les diff\u00e9rents lots et m\u00eame au sein du m\u00eame lot.<\/p>\n","protected":false},"featured_media":2405,"template":"","meta":[],"_links":{"self":[{"href":"https:\/\/atinegoce.fr\/index.php?rest_route=\/wp\/v2\/product\/2404"}],"collection":[{"href":"https:\/\/atinegoce.fr\/index.php?rest_route=\/wp\/v2\/product"}],"about":[{"href":"https:\/\/atinegoce.fr\/index.php?rest_route=\/wp\/v2\/types\/product"}],"wp:featuredmedia":[{"embeddable":true,"href":"https:\/\/atinegoce.fr\/index.php?rest_route=\/wp\/v2\/media\/2405"}],"wp:attachment":[{"href":"https:\/\/atinegoce.fr\/index.php?rest_route=%2Fwp%2Fv2%2Fmedia&parent=2404"}],"curies":[{"name":"wp","href":"https:\/\/api.w.org\/{rel}","templated":true}]}}