{"id":2183,"date":"2020-08-11T16:54:58","date_gmt":"2020-08-11T14:54:58","guid":{"rendered":"http:\/\/atinegoce.fr\/?post_type=product&#038;p=2183"},"modified":"2026-02-17T10:16:31","modified_gmt":"2026-02-17T09:16:31","slug":"gazons-syntethiques","status":"publish","type":"product","link":"https:\/\/atinegoce.fr\/?product=gazons-syntethiques","title":{"rendered":"Gazons synt\u00e9thiques"},"content":{"rendered":"<p>Gazon r\u00e9aliste et r\u00e9sistant au pi\u00e9tinement.<\/p>\n<p>Sa technologie de fil dernier cri, adapt\u00e9 au jardin et au balcon de particuliers. D\u2019un m\u00e9lange de plusieurs nuances de vert, lui donne un maximum de r\u00e9alisme.<\/p>\n<p>Tr\u00e8s confortable au pied et doux au toucher.<\/p>\n","protected":false},"excerpt":{"rendered":"<p>Gazon r\u00e9aliste et r\u00e9sistant au pi\u00e9tinement. Sa technologie de fil dernier cri, adapt\u00e9 au jardin et au balcon de particuliers. D\u2019un m\u00e9lange de plusieurs nuances de vert, lui donne un maximum de r\u00e9alisme. Tr\u00e8s confortable au pied et doux au toucher.<\/p>\n","protected":false},"featured_media":2760,"template":"","meta":[],"_links":{"self":[{"href":"https:\/\/atinegoce.fr\/index.php?rest_route=\/wp\/v2\/product\/2183"}],"collection":[{"href":"https:\/\/atinegoce.fr\/index.php?rest_route=\/wp\/v2\/product"}],"about":[{"href":"https:\/\/atinegoce.fr\/index.php?rest_route=\/wp\/v2\/types\/product"}],"wp:featuredmedia":[{"embeddable":true,"href":"https:\/\/atinegoce.fr\/index.php?rest_route=\/wp\/v2\/media\/2760"}],"wp:attachment":[{"href":"https:\/\/atinegoce.fr\/index.php?rest_route=%2Fwp%2Fv2%2Fmedia&parent=2183"}],"curies":[{"name":"wp","href":"https:\/\/api.w.org\/{rel}","templated":true}]}}