{"id":2048,"date":"2020-07-06T16:12:45","date_gmt":"2020-07-06T14:12:45","guid":{"rendered":"http:\/\/atinegoce.fr\/?post_type=product&#038;p=2048"},"modified":"2025-02-04T15:26:14","modified_gmt":"2025-02-04T14:26:14","slug":"aspen","status":"publish","type":"product","link":"https:\/\/atinegoce.fr\/?product=aspen","title":{"rendered":"Aspen"},"content":{"rendered":"<p>Aspen est un gr\u00e8s c\u00e9rame in\u00e9dit effet pierre issu de la s\u00e9lection de surfaces naturelles h\u00e9t\u00e9rog\u00e8nes.<\/p>\n<p>R\u00e9sistant aux chocs thermiques.<\/p>\n<p>Antid\u00e9rapant.<\/p>\n","protected":false},"excerpt":{"rendered":"<p>Aspen est un gr\u00e8s c\u00e9rame in\u00e9dit effet pierre issu de la s\u00e9lection de surfaces naturelles h\u00e9t\u00e9rog\u00e8nes. R\u00e9sistant aux chocs thermiques. Antid\u00e9rapant.<\/p>\n","protected":false},"featured_media":2115,"template":"","meta":[],"_links":{"self":[{"href":"https:\/\/atinegoce.fr\/index.php?rest_route=\/wp\/v2\/product\/2048"}],"collection":[{"href":"https:\/\/atinegoce.fr\/index.php?rest_route=\/wp\/v2\/product"}],"about":[{"href":"https:\/\/atinegoce.fr\/index.php?rest_route=\/wp\/v2\/types\/product"}],"wp:featuredmedia":[{"embeddable":true,"href":"https:\/\/atinegoce.fr\/index.php?rest_route=\/wp\/v2\/media\/2115"}],"wp:attachment":[{"href":"https:\/\/atinegoce.fr\/index.php?rest_route=%2Fwp%2Fv2%2Fmedia&parent=2048"}],"curies":[{"name":"wp","href":"https:\/\/api.w.org\/{rel}","templated":true}]}}