{"id":2043,"date":"2020-07-06T15:23:44","date_gmt":"2020-07-06T13:23:44","guid":{"rendered":"http:\/\/atinegoce.fr\/?post_type=product&#038;p=2043"},"modified":"2025-02-04T15:22:14","modified_gmt":"2025-02-04T14:22:14","slug":"materia","status":"publish","type":"product","link":"https:\/\/atinegoce.fr\/?product=materia","title":{"rendered":"Materia"},"content":{"rendered":"<p>Materia est riche en d\u00e9tails et en nuances, et pourtant d\u00e9nu\u00e9e de tout caract\u00e8re r\u00e9p\u00e9titif. Ses couleurs sont modernes et ses imperfections bien dos\u00e9es font revivre le charme intemporel de la mati\u00e8re faite \u00e0 la main.<\/p>\n<p>R\u00e9sistant aux chocs thermiques.<\/p>\n<p>Antid\u00e9rapant.<\/p>\n","protected":false},"excerpt":{"rendered":"<p>Materia est riche en d\u00e9tails et en nuances, et pourtant d\u00e9nu\u00e9e de tout caract\u00e8re r\u00e9p\u00e9titif. Ses couleurs sont modernes et ses imperfections bien dos\u00e9es font revivre le charme intemporel de la mati\u00e8re faite \u00e0 la main. R\u00e9sistant aux chocs thermiques. Antid\u00e9rapant.<\/p>\n","protected":false},"featured_media":2097,"template":"","meta":[],"_links":{"self":[{"href":"https:\/\/atinegoce.fr\/index.php?rest_route=\/wp\/v2\/product\/2043"}],"collection":[{"href":"https:\/\/atinegoce.fr\/index.php?rest_route=\/wp\/v2\/product"}],"about":[{"href":"https:\/\/atinegoce.fr\/index.php?rest_route=\/wp\/v2\/types\/product"}],"wp:featuredmedia":[{"embeddable":true,"href":"https:\/\/atinegoce.fr\/index.php?rest_route=\/wp\/v2\/media\/2097"}],"wp:attachment":[{"href":"https:\/\/atinegoce.fr\/index.php?rest_route=%2Fwp%2Fv2%2Fmedia&parent=2043"}],"curies":[{"name":"wp","href":"https:\/\/api.w.org\/{rel}","templated":true}]}}