{"id":1964,"date":"2020-06-23T08:52:10","date_gmt":"2020-06-23T06:52:10","guid":{"rendered":"http:\/\/atinegoce.fr\/?post_type=product&#038;p=1964"},"modified":"2023-11-07T14:52:54","modified_gmt":"2023-11-07T13:52:54","slug":"galet-gris-electric","status":"publish","type":"product","link":"https:\/\/atinegoce.fr\/?product=galet-gris-electric","title":{"rendered":"Galet gris \u00e9lectric"},"content":{"rendered":"<p>M\u00e9lange de ton gris bleu blanc pour ce galet id\u00e9al pour un paillage min\u00e9ral.<\/p>\n","protected":false},"excerpt":{"rendered":"<p>M\u00e9lange de ton gris bleu blanc pour ce galet id\u00e9al pour un paillage min\u00e9ral.<\/p>\n","protected":false},"featured_media":1965,"template":"","meta":[],"_links":{"self":[{"href":"https:\/\/atinegoce.fr\/index.php?rest_route=\/wp\/v2\/product\/1964"}],"collection":[{"href":"https:\/\/atinegoce.fr\/index.php?rest_route=\/wp\/v2\/product"}],"about":[{"href":"https:\/\/atinegoce.fr\/index.php?rest_route=\/wp\/v2\/types\/product"}],"wp:featuredmedia":[{"embeddable":true,"href":"https:\/\/atinegoce.fr\/index.php?rest_route=\/wp\/v2\/media\/1965"}],"wp:attachment":[{"href":"https:\/\/atinegoce.fr\/index.php?rest_route=%2Fwp%2Fv2%2Fmedia&parent=1964"}],"curies":[{"name":"wp","href":"https:\/\/api.w.org\/{rel}","templated":true}]}}