{"id":1839,"date":"2020-06-19T08:39:10","date_gmt":"2020-06-19T06:39:10","guid":{"rendered":"http:\/\/atinegoce.fr\/?post_type=product&#038;p=1839"},"modified":"2026-02-17T10:13:57","modified_gmt":"2026-02-17T09:13:57","slug":"plots-pour-gres-cerame","status":"publish","type":"product","link":"https:\/\/atinegoce.fr\/?product=plots-pour-gres-cerame","title":{"rendered":"Plots pour gr\u00e8s c\u00e9rame"},"content":{"rendered":"<p>Plots fixes et r\u00e9glables pour sols ext\u00e9rieurs sur\u00e9lev\u00e9s.<\/p>\n<p>Rapidit\u00e9, efficacit\u00e9 et durabilit\u00e9.<\/p>\n<p>Diff\u00e9rentes hauteurs disponibles.<\/p>\n","protected":false},"excerpt":{"rendered":"<p>Plots fixes et r\u00e9glables pour sols ext\u00e9rieurs sur\u00e9lev\u00e9s. Rapidit\u00e9, efficacit\u00e9 et durabilit\u00e9. Diff\u00e9rentes hauteurs disponibles.<\/p>\n","protected":false},"featured_media":1842,"template":"","meta":[],"_links":{"self":[{"href":"https:\/\/atinegoce.fr\/index.php?rest_route=\/wp\/v2\/product\/1839"}],"collection":[{"href":"https:\/\/atinegoce.fr\/index.php?rest_route=\/wp\/v2\/product"}],"about":[{"href":"https:\/\/atinegoce.fr\/index.php?rest_route=\/wp\/v2\/types\/product"}],"wp:featuredmedia":[{"embeddable":true,"href":"https:\/\/atinegoce.fr\/index.php?rest_route=\/wp\/v2\/media\/1842"}],"wp:attachment":[{"href":"https:\/\/atinegoce.fr\/index.php?rest_route=%2Fwp%2Fv2%2Fmedia&parent=1839"}],"curies":[{"name":"wp","href":"https:\/\/api.w.org\/{rel}","templated":true}]}}