{"id":153,"date":"2018-04-03T12:54:06","date_gmt":"2018-04-03T10:54:06","guid":{"rendered":"http:\/\/atinegoce.fr\/?post_type=product&#038;p=153"},"modified":"2026-02-17T10:05:48","modified_gmt":"2026-02-17T09:05:48","slug":"gabions","status":"publish","type":"product","link":"https:\/\/atinegoce.fr\/?product=gabions","title":{"rendered":"Gabions"},"content":{"rendered":"<p>Comparable \u00e0 une sorte de casier, le plus souvent fait de solides fils de fers tress\u00e9s ou \u00e9lectrosoud\u00e9s et contenant des pierres.<\/p>\n<p>Diff\u00e9rentes utilisations possibles :<\/p>\n<ul>\n<li>&#8211; mur de s\u00e9paration<\/li>\n<li>&#8211; mur de sout\u00e8nement<\/li>\n<li>&#8211; habillage de mur<\/li>\n<li>&#8211; mobilier et d\u00e9coration<\/li>\n<\/ul>\n","protected":false},"excerpt":{"rendered":"<p>Comparable \u00e0 une sorte de casier, le plus souvent fait de solides fils de fers tress\u00e9s ou \u00e9lectrosoud\u00e9s et contenant des pierres. Diff\u00e9rentes utilisations possibles : &#8211; mur de s\u00e9paration &#8211; mur de sout\u00e8nement &#8211; habillage de mur &#8211; mobilier et d\u00e9coration<\/p>\n","protected":false},"featured_media":532,"template":"","meta":[],"_links":{"self":[{"href":"https:\/\/atinegoce.fr\/index.php?rest_route=\/wp\/v2\/product\/153"}],"collection":[{"href":"https:\/\/atinegoce.fr\/index.php?rest_route=\/wp\/v2\/product"}],"about":[{"href":"https:\/\/atinegoce.fr\/index.php?rest_route=\/wp\/v2\/types\/product"}],"wp:featuredmedia":[{"embeddable":true,"href":"https:\/\/atinegoce.fr\/index.php?rest_route=\/wp\/v2\/media\/532"}],"wp:attachment":[{"href":"https:\/\/atinegoce.fr\/index.php?rest_route=%2Fwp%2Fv2%2Fmedia&parent=153"}],"curies":[{"name":"wp","href":"https:\/\/api.w.org\/{rel}","templated":true}]}}