{"id":127,"date":"2018-03-31T23:33:54","date_gmt":"2018-03-31T21:33:54","guid":{"rendered":"http:\/\/atinegoce.fr\/?post_type=product&#038;p=127"},"modified":"2026-02-17T10:11:59","modified_gmt":"2026-02-17T09:11:59","slug":"stabilisateurs","status":"publish","type":"product","link":"https:\/\/atinegoce.fr\/?product=stabilisateurs","title":{"rendered":"Stabilisateurs de graviers"},"content":{"rendered":"<p>Stabilisateur de graviers sous forme de dalles alv\u00e9olaires performantes pour des parkings, des all\u00e9es de jardin, des terrasses ou des voies carrossables.<\/p>\n<p>G\u00e9otextile int\u00e9gr\u00e9.<\/p>\n<p>Pose rapide et facile.<\/p>\n<p>2 formats disponibles.<\/p>\n","protected":false},"excerpt":{"rendered":"<p>Stabilisateur de graviers sous forme de dalles alv\u00e9olaires performantes pour des parkings, des all\u00e9es de jardin, des terrasses ou des voies carrossables. G\u00e9otextile int\u00e9gr\u00e9. Pose rapide et facile. 2 formats disponibles.<\/p>\n","protected":false},"featured_media":1829,"template":"","meta":[],"_links":{"self":[{"href":"https:\/\/atinegoce.fr\/index.php?rest_route=\/wp\/v2\/product\/127"}],"collection":[{"href":"https:\/\/atinegoce.fr\/index.php?rest_route=\/wp\/v2\/product"}],"about":[{"href":"https:\/\/atinegoce.fr\/index.php?rest_route=\/wp\/v2\/types\/product"}],"wp:featuredmedia":[{"embeddable":true,"href":"https:\/\/atinegoce.fr\/index.php?rest_route=\/wp\/v2\/media\/1829"}],"wp:attachment":[{"href":"https:\/\/atinegoce.fr\/index.php?rest_route=%2Fwp%2Fv2%2Fmedia&parent=127"}],"curies":[{"name":"wp","href":"https:\/\/api.w.org\/{rel}","templated":true}]}}