{"id":1187,"date":"2018-05-22T17:53:24","date_gmt":"2018-05-22T15:53:24","guid":{"rendered":"http:\/\/atinegoce.fr\/?product=travertin-chocolat"},"modified":"2025-10-27T16:52:39","modified_gmt":"2025-10-27T15:52:39","slug":"travertin-chocolat","status":"publish","type":"product","link":"https:\/\/atinegoce.fr\/?product=travertin-chocolat","title":{"rendered":"travertin chocolat"},"content":{"rendered":"<p>Le travertin, roche s\u00e9dimentaire calcaire, avec son aspect irr\u00e9gulier est connu pour sa tr\u00e8s grande r\u00e9sistance et son caract\u00e8re unique.<\/p>\n<p>Existe en diff\u00e9rentes couleurs : beige, gris, rose, bleu.<\/p>\n","protected":false},"excerpt":{"rendered":"<p>Le travertin, roche s\u00e9dimentaire calcaire, avec son aspect irr\u00e9gulier est connu pour sa tr\u00e8s grande r\u00e9sistance et son caract\u00e8re unique. Existe en diff\u00e9rentes couleurs : beige, gris, rose, bleu.<\/p>\n","protected":false},"featured_media":1805,"template":"","meta":[],"_links":{"self":[{"href":"https:\/\/atinegoce.fr\/index.php?rest_route=\/wp\/v2\/product\/1187"}],"collection":[{"href":"https:\/\/atinegoce.fr\/index.php?rest_route=\/wp\/v2\/product"}],"about":[{"href":"https:\/\/atinegoce.fr\/index.php?rest_route=\/wp\/v2\/types\/product"}],"wp:featuredmedia":[{"embeddable":true,"href":"https:\/\/atinegoce.fr\/index.php?rest_route=\/wp\/v2\/media\/1805"}],"wp:attachment":[{"href":"https:\/\/atinegoce.fr\/index.php?rest_route=%2Fwp%2Fv2%2Fmedia&parent=1187"}],"curies":[{"name":"wp","href":"https:\/\/api.w.org\/{rel}","templated":true}]}}