{"id":1175,"date":"2018-05-22T17:47:15","date_gmt":"2018-05-22T15:47:15","guid":{"rendered":"http:\/\/atinegoce.fr\/?product=pierre-bleue"},"modified":"2025-10-27T17:04:40","modified_gmt":"2025-10-27T16:04:40","slug":"pierre-bleue","status":"publish","type":"product","link":"https:\/\/atinegoce.fr\/?product=pierre-bleue","title":{"rendered":"pierre bleue"},"content":{"rendered":"<p>Pierre de caract\u00e8re, douce et facile \u00e0 int\u00e9grer dans tous types d&#8217;architecture.<\/p>\n<p>Nuance bleu fonc\u00e9e au gris bleu.<\/p>\n<p>Facile d&#8217;entretien.<\/p>\n","protected":false},"excerpt":{"rendered":"<p>Pierre de caract\u00e8re, douce et facile \u00e0 int\u00e9grer dans tous types d&#8217;architecture. Nuance bleu fonc\u00e9e au gris bleu. Facile d&#8217;entretien.<\/p>\n","protected":false},"featured_media":1647,"template":"","meta":[],"_links":{"self":[{"href":"https:\/\/atinegoce.fr\/index.php?rest_route=\/wp\/v2\/product\/1175"}],"collection":[{"href":"https:\/\/atinegoce.fr\/index.php?rest_route=\/wp\/v2\/product"}],"about":[{"href":"https:\/\/atinegoce.fr\/index.php?rest_route=\/wp\/v2\/types\/product"}],"wp:featuredmedia":[{"embeddable":true,"href":"https:\/\/atinegoce.fr\/index.php?rest_route=\/wp\/v2\/media\/1647"}],"wp:attachment":[{"href":"https:\/\/atinegoce.fr\/index.php?rest_route=%2Fwp%2Fv2%2Fmedia&parent=1175"}],"curies":[{"name":"wp","href":"https:\/\/api.w.org\/{rel}","templated":true}]}}