{"id":1173,"date":"2018-05-22T17:45:53","date_gmt":"2018-05-22T15:45:53","guid":{"rendered":"http:\/\/atinegoce.fr\/?product=luzerne-gris"},"modified":"2025-10-27T17:08:44","modified_gmt":"2025-10-27T16:08:44","slug":"luzerne-gris","status":"publish","type":"product","link":"https:\/\/atinegoce.fr\/?product=luzerne-gris","title":{"rendered":"luzerne gris"},"content":{"rendered":"<p>La Luzerne grise est un gneiss constitu\u00e9 de quartz, feldspaths et mica.<\/p>\n<p>Tr\u00e8s dure et tr\u00e8s lumineuse, elle est adapt\u00e9e pour des utilisations ext\u00e9rieures comme des murets, des all\u00e9es pav\u00e9s, des terrasses.<\/p>\n","protected":false},"excerpt":{"rendered":"<p>La Luzerne grise est un gneiss constitu\u00e9 de quartz, feldspaths et mica. Tr\u00e8s dure et tr\u00e8s lumineuse, elle est adapt\u00e9e pour des utilisations ext\u00e9rieures comme des murets, des all\u00e9es pav\u00e9s, des terrasses.<\/p>\n","protected":false},"featured_media":1627,"template":"","meta":[],"_links":{"self":[{"href":"https:\/\/atinegoce.fr\/index.php?rest_route=\/wp\/v2\/product\/1173"}],"collection":[{"href":"https:\/\/atinegoce.fr\/index.php?rest_route=\/wp\/v2\/product"}],"about":[{"href":"https:\/\/atinegoce.fr\/index.php?rest_route=\/wp\/v2\/types\/product"}],"wp:featuredmedia":[{"embeddable":true,"href":"https:\/\/atinegoce.fr\/index.php?rest_route=\/wp\/v2\/media\/1627"}],"wp:attachment":[{"href":"https:\/\/atinegoce.fr\/index.php?rest_route=%2Fwp%2Fv2%2Fmedia&parent=1173"}],"curies":[{"name":"wp","href":"https:\/\/api.w.org\/{rel}","templated":true}]}}