{"id":1168,"date":"2018-05-22T17:43:23","date_gmt":"2018-05-22T15:43:23","guid":{"rendered":"http:\/\/atinegoce.fr\/?product=gres-brun-chocolate"},"modified":"2025-10-28T08:25:25","modified_gmt":"2025-10-28T07:25:25","slug":"gres-brun-chocolate","status":"publish","type":"product","link":"https:\/\/atinegoce.fr\/?product=gres-brun-chocolate","title":{"rendered":"gr\u00e8s brun chocolate"},"content":{"rendered":"<p>Pierre sableuse, s\u00e9dimentaire, \u00e0 grains tr\u00e8s fins, de teinte brun chocolat.<\/p>\n<p>Cette pierre naturelle convient pour tous les usages aussi bien en int\u00e9rieur qu\u2019en ext\u00e9rieur. Des nuances de couleurs et\/ou de granulom\u00e9trie peuvent exister entre les diff\u00e9rents lots et m\u00eame au sein du m\u00eame lot.<\/p>\n","protected":false},"excerpt":{"rendered":"<p>Pierre sableuse, s\u00e9dimentaire, \u00e0 grains tr\u00e8s fins, de teinte brun chocolat. Cette pierre naturelle convient pour tous les usages aussi bien en int\u00e9rieur qu\u2019en ext\u00e9rieur. Des nuances de couleurs et\/ou de granulom\u00e9trie peuvent exister entre les diff\u00e9rents lots et m\u00eame au sein du m\u00eame lot.<\/p>\n","protected":false},"featured_media":1567,"template":"","meta":[],"_links":{"self":[{"href":"https:\/\/atinegoce.fr\/index.php?rest_route=\/wp\/v2\/product\/1168"}],"collection":[{"href":"https:\/\/atinegoce.fr\/index.php?rest_route=\/wp\/v2\/product"}],"about":[{"href":"https:\/\/atinegoce.fr\/index.php?rest_route=\/wp\/v2\/types\/product"}],"wp:featuredmedia":[{"embeddable":true,"href":"https:\/\/atinegoce.fr\/index.php?rest_route=\/wp\/v2\/media\/1567"}],"wp:attachment":[{"href":"https:\/\/atinegoce.fr\/index.php?rest_route=%2Fwp%2Fv2%2Fmedia&parent=1168"}],"curies":[{"name":"wp","href":"https:\/\/api.w.org\/{rel}","templated":true}]}}