{"id":1167,"date":"2018-05-22T17:42:52","date_gmt":"2018-05-22T15:42:52","guid":{"rendered":"http:\/\/atinegoce.fr\/?product=gres-beige-mint"},"modified":"2025-10-28T08:26:15","modified_gmt":"2025-10-28T07:26:15","slug":"gres-beige-mint","status":"publish","type":"product","link":"https:\/\/atinegoce.fr\/?product=gres-beige-mint","title":{"rendered":"gr\u00e8s beige mint"},"content":{"rendered":"<p>Pierre sableuse, s\u00e9dimentaire, \u00e0 grains tr\u00e8s fins, de teinte beige.<\/p>\n<p>Cette pierre naturelle convient pour tous les usages aussi bien en int\u00e9rieur qu\u2019en ext\u00e9rieur. Des nuances de couleurs et\/ou de granulom\u00e9trie peuvent exister entre les diff\u00e9rents lots et m\u00eame au sein du m\u00eame lot.<\/p>\n","protected":false},"excerpt":{"rendered":"<p>Pierre sableuse, s\u00e9dimentaire, \u00e0 grains tr\u00e8s fins, de teinte beige. Cette pierre naturelle convient pour tous les usages aussi bien en int\u00e9rieur qu\u2019en ext\u00e9rieur. Des nuances de couleurs et\/ou de granulom\u00e9trie peuvent exister entre les diff\u00e9rents lots et m\u00eame au sein du m\u00eame lot.<\/p>\n","protected":false},"featured_media":1555,"template":"","meta":[],"_links":{"self":[{"href":"https:\/\/atinegoce.fr\/index.php?rest_route=\/wp\/v2\/product\/1167"}],"collection":[{"href":"https:\/\/atinegoce.fr\/index.php?rest_route=\/wp\/v2\/product"}],"about":[{"href":"https:\/\/atinegoce.fr\/index.php?rest_route=\/wp\/v2\/types\/product"}],"wp:featuredmedia":[{"embeddable":true,"href":"https:\/\/atinegoce.fr\/index.php?rest_route=\/wp\/v2\/media\/1555"}],"wp:attachment":[{"href":"https:\/\/atinegoce.fr\/index.php?rest_route=%2Fwp%2Fv2%2Fmedia&parent=1167"}],"curies":[{"name":"wp","href":"https:\/\/api.w.org\/{rel}","templated":true}]}}