{"id":1161,"date":"2018-05-22T17:39:40","date_gmt":"2018-05-22T15:39:40","guid":{"rendered":"http:\/\/atinegoce.fr\/?product=granit-gris-clair"},"modified":"2023-11-07T16:01:06","modified_gmt":"2023-11-07T15:01:06","slug":"granit-gris-clair","status":"publish","type":"product","link":"https:\/\/atinegoce.fr\/?product=granit-gris-clair","title":{"rendered":"granit gris clair"},"content":{"rendered":"<p>Couleur gris clair mouchet\u00e9 pour ce Granit Tragal.<\/p>\n<p>Souvent utilis\u00e9e pour vos am\u00e9nagements de voirie, cette pierre b\u00e9n\u00e9ficie d&#8217;une tr\u00e8s grande r\u00e9sistance.<\/p>\n","protected":false},"excerpt":{"rendered":"<p>Couleur gris clair mouchet\u00e9 pour ce Granit Tragal. Souvent utilis\u00e9e pour vos am\u00e9nagements de voirie, cette pierre b\u00e9n\u00e9ficie d&#8217;une tr\u00e8s grande r\u00e9sistance.<\/p>\n","protected":false},"featured_media":1520,"template":"","meta":[],"_links":{"self":[{"href":"https:\/\/atinegoce.fr\/index.php?rest_route=\/wp\/v2\/product\/1161"}],"collection":[{"href":"https:\/\/atinegoce.fr\/index.php?rest_route=\/wp\/v2\/product"}],"about":[{"href":"https:\/\/atinegoce.fr\/index.php?rest_route=\/wp\/v2\/types\/product"}],"wp:featuredmedia":[{"embeddable":true,"href":"https:\/\/atinegoce.fr\/index.php?rest_route=\/wp\/v2\/media\/1520"}],"wp:attachment":[{"href":"https:\/\/atinegoce.fr\/index.php?rest_route=%2Fwp%2Fv2%2Fmedia&parent=1161"}],"curies":[{"name":"wp","href":"https:\/\/api.w.org\/{rel}","templated":true}]}}