{"id":1156,"date":"2018-05-22T17:36:48","date_gmt":"2018-05-22T15:36:48","guid":{"rendered":"http:\/\/atinegoce.fr\/?product=ardosia-noire"},"modified":"2025-10-28T08:38:27","modified_gmt":"2025-10-28T07:38:27","slug":"ardosia-noire","status":"publish","type":"product","link":"https:\/\/atinegoce.fr\/?product=ardosia-noire","title":{"rendered":"ardosia noire Br\u00e9sil"},"content":{"rendered":"<p>Ardoise en pierre naturelle d&#8217;aspect lisse, couleur noire, pour vos am\u00e9nagements ext\u00e9rieurs de style contemporain.<\/p>\n<p>Pas d&#8217;oxydation possible.<\/p>\n<p>Existe en plusieurs dimensions pour chaque format propos\u00e9.<\/p>\n","protected":false},"excerpt":{"rendered":"<p>Ardoise en pierre naturelle d&#8217;aspect lisse, couleur noire, pour vos am\u00e9nagements ext\u00e9rieurs de style contemporain. Pas d&#8217;oxydation possible. Existe en plusieurs dimensions pour chaque format propos\u00e9.<\/p>\n","protected":false},"featured_media":1498,"template":"","meta":[],"_links":{"self":[{"href":"https:\/\/atinegoce.fr\/index.php?rest_route=\/wp\/v2\/product\/1156"}],"collection":[{"href":"https:\/\/atinegoce.fr\/index.php?rest_route=\/wp\/v2\/product"}],"about":[{"href":"https:\/\/atinegoce.fr\/index.php?rest_route=\/wp\/v2\/types\/product"}],"wp:featuredmedia":[{"embeddable":true,"href":"https:\/\/atinegoce.fr\/index.php?rest_route=\/wp\/v2\/media\/1498"}],"wp:attachment":[{"href":"https:\/\/atinegoce.fr\/index.php?rest_route=%2Fwp%2Fv2%2Fmedia&parent=1156"}],"curies":[{"name":"wp","href":"https:\/\/api.w.org\/{rel}","templated":true}]}}