{"id":1155,"date":"2018-05-22T17:36:14","date_gmt":"2018-05-22T15:36:14","guid":{"rendered":"http:\/\/atinegoce.fr\/?product=ardoise-oxydee"},"modified":"2025-10-28T15:18:00","modified_gmt":"2025-10-28T14:18:00","slug":"ardoise-oxydee","status":"publish","type":"product","link":"https:\/\/atinegoce.fr\/?product=ardoise-oxydee","title":{"rendered":"Parement ardoise oxyd\u00e9e"},"content":{"rendered":"<p>Pour apporter une touche originale \u00e0 vos murs, murets, fa\u00e7ade&#8230; pensez au parement naturel ardoise oxyd\u00e9e.<\/p>\n<p>Pierres naturelles mont\u00e9es sur une base ciment.<\/p>\n<p>Existe en panneau naturel, pilier, angle, chapeau de pilier et dessus de mur.<\/p>\n","protected":false},"excerpt":{"rendered":"<p>Pour apporter une touche originale \u00e0 vos murs, murets, fa\u00e7ade&#8230; pensez au parement naturel ardoise oxyd\u00e9e. Pierres naturelles mont\u00e9es sur une base ciment. Existe en panneau naturel, pilier, angle, chapeau de pilier et dessus de mur.<\/p>\n","protected":false},"featured_media":1641,"template":"","meta":[],"_links":{"self":[{"href":"https:\/\/atinegoce.fr\/index.php?rest_route=\/wp\/v2\/product\/1155"}],"collection":[{"href":"https:\/\/atinegoce.fr\/index.php?rest_route=\/wp\/v2\/product"}],"about":[{"href":"https:\/\/atinegoce.fr\/index.php?rest_route=\/wp\/v2\/types\/product"}],"wp:featuredmedia":[{"embeddable":true,"href":"https:\/\/atinegoce.fr\/index.php?rest_route=\/wp\/v2\/media\/1641"}],"wp:attachment":[{"href":"https:\/\/atinegoce.fr\/index.php?rest_route=%2Fwp%2Fv2%2Fmedia&parent=1155"}],"curies":[{"name":"wp","href":"https:\/\/api.w.org\/{rel}","templated":true}]}}