{"id":1154,"date":"2018-05-22T17:35:22","date_gmt":"2018-05-22T15:35:22","guid":{"rendered":"http:\/\/atinegoce.fr\/?product=ardoise-noire-2"},"modified":"2025-10-28T08:39:22","modified_gmt":"2025-10-28T07:39:22","slug":"ardoise-noire-2","status":"publish","type":"product","link":"https:\/\/atinegoce.fr\/?product=ardoise-noire-2","title":{"rendered":"ardoise noire Espagne"},"content":{"rendered":"<p>L&#8217;ardoise noire d&#8217;Espagne Galys, pierre naturelle de couleur noire, apporte un style contemporain \u00e0 vos ext\u00e9rieurs.<\/p>\n<p>Ne s&#8217;oxyde pas.<\/p>\n<p>Existe en diff\u00e9rentes dimensions pour chaque format (palis, piquets, dallages totems).<\/p>\n","protected":false},"excerpt":{"rendered":"<p>L&#8217;ardoise noire d&#8217;Espagne Galys, pierre naturelle de couleur noire, apporte un style contemporain \u00e0 vos ext\u00e9rieurs. Ne s&#8217;oxyde pas. Existe en diff\u00e9rentes dimensions pour chaque format (palis, piquets, dallages totems).<\/p>\n","protected":false},"featured_media":2366,"template":"","meta":[],"_links":{"self":[{"href":"https:\/\/atinegoce.fr\/index.php?rest_route=\/wp\/v2\/product\/1154"}],"collection":[{"href":"https:\/\/atinegoce.fr\/index.php?rest_route=\/wp\/v2\/product"}],"about":[{"href":"https:\/\/atinegoce.fr\/index.php?rest_route=\/wp\/v2\/types\/product"}],"wp:featuredmedia":[{"embeddable":true,"href":"https:\/\/atinegoce.fr\/index.php?rest_route=\/wp\/v2\/media\/2366"}],"wp:attachment":[{"href":"https:\/\/atinegoce.fr\/index.php?rest_route=%2Fwp%2Fv2%2Fmedia&parent=1154"}],"curies":[{"name":"wp","href":"https:\/\/api.w.org\/{rel}","templated":true}]}}